{"id":884,"date":"2021-07-01T03:06:54","date_gmt":"2021-07-01T06:06:54","guid":{"rendered":"http:\/\/cbrs.org.br\/campanha2024\/?page_id=884"},"modified":"2022-07-13T16:38:58","modified_gmt":"2022-07-13T19:38:58","slug":"faca-sua-doacao","status":"publish","type":"page","link":"http:\/\/cbrs.org.br\/campanha2024\/faca-sua-doacao\/","title":{"rendered":"Fa\u00e7a sua doa\u00e7\u00e3o"},"content":{"rendered":"\t\t<div data-elementor-type=\"wp-page\" data-elementor-id=\"884\" class=\"elementor elementor-884\" data-elementor-settings=\"[]\">\n\t\t\t\t\t\t\t<div class=\"elementor-section-wrap\">\n\t\t\t\t\t\t\t<section class=\"elementor-section elementor-top-section elementor-element elementor-element-f53a1a3 elementor-section-boxed elementor-section-height-default elementor-section-height-default\" data-id=\"f53a1a3\" data-element_type=\"section\">\n\t\t\t\t\t\t<div class=\"elementor-container elementor-column-gap-default\">\n\t\t\t\t\t<div class=\"elementor-column elementor-col-100 elementor-top-column elementor-element elementor-element-ce261a1\" data-id=\"ce261a1\" data-element_type=\"column\">\n\t\t\t<div class=\"elementor-widget-wrap elementor-element-populated\">\n\t\t\t\t\t\t\t\t<div class=\"elementor-element elementor-element-e9f756b doe-title elementor-widget elementor-widget-heading\" data-id=\"e9f756b\" data-element_type=\"widget\" data-widget_type=\"heading.default\">\n\t\t\t\t<div class=\"elementor-widget-container\">\n\t\t\t<h2 class=\"elementor-heading-title elementor-size-default\">Participe do avan\u00e7o do reino de Deus em nosso Estado!<div class=\"doe-metodos\">Escolha um dos meios a seguir para realizar a sua doa\u00e7\u00e3o:<\/div><\/h2>\t\t<\/div>\n\t\t\t\t<\/div>\n\t\t\t\t<div class=\"elementor-element elementor-element-6f331af doe-pagseguro elementor-widget elementor-widget-text-editor\" data-id=\"6f331af\" data-element_type=\"widget\" data-widget_type=\"text-editor.default\">\n\t\t\t\t<div class=\"elementor-widget-container\">\n\t\t\t\t\t\t\t\t<p><a href=\"https:\/\/pag.ae\/7XhFWcyjs\" target=\"_blank\" rel=\"noopener\">Cart\u00e3o de Cr\u00e9dito, D\u00e9bito ou Boleto (Clique para abrir)<\/a><\/p>\t\t\t\t\t\t<\/div>\n\t\t\t\t<\/div>\n\t\t\t\t<div class=\"elementor-element elementor-element-052a52f doe-pix elementor-widget elementor-widget-text-editor\" data-id=\"052a52f\" data-element_type=\"widget\" data-widget_type=\"text-editor.default\">\n\t\t\t\t<div class=\"elementor-widget-container\">\n\t\t\t\t\t\t\t\t<p>PIX: 92.986.256\/0001-38 (CNPJ)<\/p>\t\t\t\t\t\t<\/div>\n\t\t\t\t<\/div>\n\t\t\t\t\t<\/div>\n\t\t<\/div>\n\t\t\t\t\t\t\t<\/div>\n\t\t<\/section>\n\t\t\t\t\t\t<\/div>\n\t\t\t\t\t<\/div>\n\t\t","protected":false},"excerpt":{"rendered":"<p>Participe do avan\u00e7o do reino de Deus em nosso Estado!Escolha um dos meios a seguir para realizar a sua doa\u00e7\u00e3o: Cart\u00e3o de Cr\u00e9dito, D\u00e9bito ou Boleto (Clique para abrir) PIX: 92.986.256\/0001-38 (CNPJ)<\/p>\n","protected":false},"author":1,"featured_media":0,"parent":0,"menu_order":0,"comment_status":"closed","ping_status":"closed","template":"","meta":{"footnotes":""},"class_list":["post-884","page","type-page","status-publish","hentry"],"_links":{"self":[{"href":"http:\/\/cbrs.org.br\/campanha2024\/wp-json\/wp\/v2\/pages\/884","targetHints":{"allow":["GET"]}}],"collection":[{"href":"http:\/\/cbrs.org.br\/campanha2024\/wp-json\/wp\/v2\/pages"}],"about":[{"href":"http:\/\/cbrs.org.br\/campanha2024\/wp-json\/wp\/v2\/types\/page"}],"author":[{"embeddable":true,"href":"http:\/\/cbrs.org.br\/campanha2024\/wp-json\/wp\/v2\/users\/1"}],"replies":[{"embeddable":true,"href":"http:\/\/cbrs.org.br\/campanha2024\/wp-json\/wp\/v2\/comments?post=884"}],"version-history":[{"count":31,"href":"http:\/\/cbrs.org.br\/campanha2024\/wp-json\/wp\/v2\/pages\/884\/revisions"}],"predecessor-version":[{"id":1560,"href":"http:\/\/cbrs.org.br\/campanha2024\/wp-json\/wp\/v2\/pages\/884\/revisions\/1560"}],"wp:attachment":[{"href":"http:\/\/cbrs.org.br\/campanha2024\/wp-json\/wp\/v2\/media?parent=884"}],"curies":[{"name":"wp","href":"https:\/\/api.w.org\/{rel}","templated":true}]}}