{"id":434,"date":"2021-06-25T17:15:24","date_gmt":"2021-06-25T20:15:24","guid":{"rendered":"http:\/\/cbrs.org.br\/campanha2022\/?page_id=434"},"modified":"2022-08-26T14:14:20","modified_gmt":"2022-08-26T17:14:20","slug":"materiais-infantis","status":"publish","type":"page","link":"http:\/\/cbrs.org.br\/campanha2022\/materiais-infantis\/","title":{"rendered":"Materiais Infantis"},"content":{"rendered":"\t\t<div data-elementor-type=\"wp-page\" data-elementor-id=\"434\" class=\"elementor elementor-434\" data-elementor-settings=\"[]\">\n\t\t\t\t\t\t\t<div class=\"elementor-section-wrap\">\n\t\t\t\t\t\t\t<section class=\"elementor-section elementor-top-section elementor-element elementor-element-5a931a4 elementor-section-boxed elementor-section-height-default elementor-section-height-default\" data-id=\"5a931a4\" data-element_type=\"section\">\n\t\t\t\t\t\t<div class=\"elementor-container elementor-column-gap-default\">\n\t\t\t\t\t<div class=\"elementor-column elementor-col-100 elementor-top-column elementor-element elementor-element-75b64b3\" data-id=\"75b64b3\" data-element_type=\"column\">\n\t\t\t<div class=\"elementor-widget-wrap elementor-element-populated\">\n\t\t\t\t\t\t\t\t<div class=\"elementor-element elementor-element-4984db0 title-viagem-missionaria elementor-widget elementor-widget-heading\" data-id=\"4984db0\" data-element_type=\"widget\" data-widget_type=\"heading.default\">\n\t\t\t\t<div class=\"elementor-widget-container\">\n\t\t\t<h4 class=\"elementor-heading-title elementor-size-default\">V\u00eddeo de Abertura<\/h4>\t\t<\/div>\n\t\t\t\t<\/div>\n\t\t\t\t<div class=\"elementor-element elementor-element-86a6d38 elementor-aspect-ratio-169 elementor-widget elementor-widget-video\" data-id=\"86a6d38\" data-element_type=\"widget\" data-settings=\"{&quot;youtube_url&quot;:&quot;https:\\\/\\\/www.youtube.com\\\/watch?v=uBfRHv4gmdQ&quot;,&quot;video_type&quot;:&quot;youtube&quot;,&quot;controls&quot;:&quot;yes&quot;,&quot;aspect_ratio&quot;:&quot;169&quot;}\" data-widget_type=\"video.default\">\n\t\t\t\t<div class=\"elementor-widget-container\">\n\t\t\t\t\t<div class=\"elementor-wrapper elementor-fit-aspect-ratio elementor-open-inline\">\n\t\t\t<div class=\"elementor-video\"><\/div>\t\t<\/div>\n\t\t\t\t<\/div>\n\t\t\t\t<\/div>\n\t\t\t\t\t<\/div>\n\t\t<\/div>\n\t\t\t\t\t\t\t<\/div>\n\t\t<\/section>\n\t\t\t\t<section class=\"elementor-section elementor-top-section elementor-element elementor-element-970b75d elementor-section-boxed elementor-section-height-default elementor-section-height-default\" data-id=\"970b75d\" data-element_type=\"section\">\n\t\t\t\t\t\t<div class=\"elementor-container elementor-column-gap-default\">\n\t\t\t\t\t<div class=\"elementor-column elementor-col-100 elementor-top-column elementor-element elementor-element-2027e88\" data-id=\"2027e88\" data-element_type=\"column\">\n\t\t\t<div class=\"elementor-widget-wrap elementor-element-populated\">\n\t\t\t\t\t\t\t\t<div class=\"elementor-element elementor-element-ff81c27 title-viagem-missionaria elementor-widget elementor-widget-heading\" data-id=\"ff81c27\" data-element_type=\"widget\" data-widget_type=\"heading.default\">\n\t\t\t\t<div class=\"elementor-widget-container\">\n\t\t\t<h4 class=\"elementor-heading-title elementor-size-default\">Viagem Mission\u00e1ria<\/h4>\t\t<\/div>\n\t\t\t\t<\/div>\n\t\t\t\t<section class=\"elementor-section elementor-inner-section elementor-element elementor-element-5fa2a10 elementor-section-boxed elementor-section-height-default elementor-section-height-default\" data-id=\"5fa2a10\" data-element_type=\"section\">\n\t\t\t\t\t\t<div class=\"elementor-container elementor-column-gap-default\">\n\t\t\t\t\t<div class=\"elementor-column elementor-col-50 elementor-inner-column elementor-element elementor-element-ac986ad\" data-id=\"ac986ad\" data-element_type=\"column\">\n\t\t\t<div class=\"elementor-widget-wrap elementor-element-populated\">\n\t\t\t\t\t\t\t\t<div class=\"elementor-element elementor-element-96d1725 imagem-viagem-missionaria elementor-widget elementor-widget-image\" data-id=\"96d1725\" data-element_type=\"widget\" data-widget_type=\"image.default\">\n\t\t\t\t<div class=\"elementor-widget-container\">\n\t\t\t\t\t\t\t\t\t\t\t\t\t\t\t<img loading=\"lazy\" decoding=\"async\" width=\"426\" height=\"251\" src=\"http:\/\/cbrs.org.br\/campanha2022\/wp-content\/uploads\/2022\/07\/WhatsApp-Image-2021-06-27-at-00.44.29-1-1.jpeg\" class=\"attachment-medium_large size-medium_large\" alt=\"\" srcset=\"http:\/\/cbrs.org.br\/campanha2022\/wp-content\/uploads\/2022\/07\/WhatsApp-Image-2021-06-27-at-00.44.29-1-1.jpeg 426w, http:\/\/cbrs.org.br\/campanha2022\/wp-content\/uploads\/2022\/07\/WhatsApp-Image-2021-06-27-at-00.44.29-1-1-300x177.jpeg 300w\" sizes=\"auto, (max-width: 426px) 100vw, 426px\" \/>\t\t\t\t\t\t\t\t\t\t\t\t\t\t\t<\/div>\n\t\t\t\t<\/div>\n\t\t\t\t\t<\/div>\n\t\t<\/div>\n\t\t\t\t<div class=\"elementor-column elementor-col-50 elementor-inner-column elementor-element elementor-element-919bc2c\" data-id=\"919bc2c\" data-element_type=\"column\">\n\t\t\t<div class=\"elementor-widget-wrap elementor-element-populated\">\n\t\t\t\t\t\t\t\t<div class=\"elementor-element elementor-element-5dc57c4 texto-viagem-missionaria elementor-widget elementor-widget-text-editor\" data-id=\"5dc57c4\" data-element_type=\"widget\" data-widget_type=\"text-editor.default\">\n\t\t\t\t<div class=\"elementor-widget-container\">\n\t\t\t\t\t\t\t\t<div class=\"page viagem-missionaria-links\" title=\"Page 6\">\n<div class=\"section\">\n<div class=\"layoutArea\">\n<div class=\"column\">\n<div>Durante o peri\u0301odo da Campanha de Misso\u0303es Estaduais, tivemos aos sa\u0301bados, a\u0300s 16 horas, viagens on-line missiona\u0301rias.\n\nAcesse as viagens realizadas atrav\u00e9s dos seguintes links:\n<div style=\"text-decoration: underline; margin-top: 10px;\"><a style=\"color: #ffffff; text-decoration: underline;\" href=\"https:\/\/www.youtube.com\/watch?v=zEJmTbmkJJ0\" target=\"_blank\">Cidade de Pelotas<\/a><\/div>\n<div style=\"text-decoration: underline; margin-top: 10px;\"><a style=\"color: #ffffff; text-decoration: underline;\" href=\"https:\/\/www.youtube.com\/watch?v=iOBSOcNpYGA\" target=\"_blank\">Cidade de Santana do Livramento<\/a><\/div>\n<div style=\"text-decoration: underline; margin-top: 10px;\"><a style=\"color: #ffffff; text-decoration: underline;\" href=\"https:\/\/www.youtube.com\/watch?v=QZcrCq8Byj0\" target=\"_blank\">Cidade de Cachoeira do Sul<\/a><\/div>\n<div style=\"text-decoration: underline; margin-top: 10px;\"><a style=\"color: #ffffff; text-decoration: underline;\" href=\"https:\/\/www.youtube.com\/watch?v=oX0xEbBoYb8\" target=\"_blank\">Cidade de Ibirub\u00e1<\/a><\/div>\n<div style=\"text-decoration: underline; margin-top: 10px;\"><a style=\"color: #ffffff; text-decoration: underline;\" href=\"https:\/\/www.youtube.com\/watch?v=DEQExJXmIno\" target=\"_blank\">Cidade de Esteio<\/a><\/div>\n<div style=\"text-decoration: underline; margin-top: 10px;\"><a style=\"color: #ffffff; text-decoration: underline;\" href=\"https:\/\/www.youtube.com\/watch?v=y2BuCekbbz8\" target=\"_blank\">Cidade de Sapiranga<\/a><\/div>\n<\/div>\n<\/div>\n<\/div>\n<\/div>\n<\/div>\t\t\t\t\t\t<\/div>\n\t\t\t\t<\/div>\n\t\t\t\t\t<\/div>\n\t\t<\/div>\n\t\t\t\t\t\t\t<\/div>\n\t\t<\/section>\n\t\t\t\t\t<\/div>\n\t\t<\/div>\n\t\t\t\t\t\t\t<\/div>\n\t\t<\/section>\n\t\t\t\t<section class=\"elementor-section elementor-top-section elementor-element elementor-element-9d2e438 secao-ultimas-noticias elementor-section-boxed elementor-section-height-default elementor-section-height-default\" data-id=\"9d2e438\" data-element_type=\"section\">\n\t\t\t\t\t\t<div class=\"elementor-container elementor-column-gap-default\">\n\t\t\t\t\t<div class=\"elementor-column elementor-col-100 elementor-top-column elementor-element elementor-element-3dc2eef\" data-id=\"3dc2eef\" data-element_type=\"column\">\n\t\t\t<div class=\"elementor-widget-wrap elementor-element-populated\">\n\t\t\t\t\t\t\t\t<div class=\"elementor-element elementor-element-9189c33 title-ultimas-noticias elementor-widget elementor-widget-heading\" data-id=\"9189c33\" data-element_type=\"widget\" data-widget_type=\"heading.default\">\n\t\t\t\t<div class=\"elementor-widget-container\">\n\t\t\t<h4 class=\"elementor-heading-title elementor-size-default\">\u00daltimas Not\u00edcias<\/h4>\t\t<\/div>\n\t\t\t\t<\/div>\n\t\t\t\t<div class=\"elementor-element elementor-element-77ed66e anwp-pg-widget-header-style--b anwp-pg-post-teaser__post-icon--size-16 elementor-arrows-position-inside elementor-pagination-position-outside elementor-widget elementor-widget-anwp-pg-simple-slider\" data-id=\"77ed66e\" data-element_type=\"widget\" data-widget_type=\"anwp-pg-simple-slider.default\">\n\t\t\t\t<div class=\"elementor-widget-container\">\n\t\t\t<div class=\"anwp-pg-wrap\">\n\n\t\n\t<!-- Slider main container -->\n\t<div\n\t\tclass=\"anwp-pg-simple-slider anwp-pg-swiper-wrapper position-relative swiper-container anwp-pg-no-transform\"\n\t\tdata-pg-slides-per-view=\"3\"\n\t\tdata-pg-slides-per-view-mobile=\"1\"\n\t\tdata-pg-slides-per-view-tablet=\"2\"\n\t\tdata-pg-slides-per-group=\"1\"\n\t\tdata-pg-slides-per-group-mobile=\"1\"\n\t\tdata-pg-slides-per-group-tablet=\"1\"\n\t\tdata-pg-autoplay=\"yes\"\n\t\tdata-pg-autoplay-delay=\"5000\"\n\t\tdata-pg-space-between=\"20\"\n\t\tdata-pg-effect=\"slide\"\n\t\tdir=\"ltr\"\n\t>\n\t\t<!-- Additional required wrapper -->\n\t\t<div class=\"swiper-wrapper\">\n\t\t\t<!-- Slides -->\n\t\t\t<div class=\"anwp-pg-post-teaser anwp-pg-post-teaser--layout-a swiper-slide anwp-pg-post-teaser--has-comments-meta\">\n\t<div class=\"anwp-pg-post-teaser__thumbnail position-relative\">\n\n\t\t\n\t\t<div class=\"anwp-pg-post-teaser__thumbnail-img anwp-pg-height-180\"\n\t\t\tstyle=\"background-image: url(http:\/\/cbrs.org.br\/campanha2022\/wp-content\/uploads\/2022\/07\/treinamentokids-300x157.png)\">\n\t\t<\/div>\n\n\t\t<div class=\"anwp-pg-post-teaser__muted_bg\"><\/div>\n\t\t<div class=\"anwp-pg-post-teaser__thumbnail-bg anwp-position-cover\"><\/div>\n\n\t\t<div class=\"anwp-pg-post-teaser__content d-flex flex-column anwp-position-cover\">\n\t\t\t<div class=\"anwp-pg-post-teaser__top-meta d-flex mb-2\">\n\t\t\t\t\t\t\t\t\t\t<span class=\"anwp-pg-post-teaser__meta-comments d-flex align-items-center mr-2\">\n\t\t\t\t\t\t\t<svg class=\"anwp-pg-icon anwp-pg-icon--s1em anwp-pg-icon--white mr-1\">\n\t\t\t\t\t\t\t\t<use xlink:href=\"#icon-anwp-pg-comment-discussion\"><\/use>\n\t\t\t\t\t\t\t<\/svg>\n\t\t\t\t\t\t\t0\t\t\t\t\t\t<\/span>\n\t\t\t\t\t\t\t\t\t<\/div>\n\n\t\t\t\t\t\t\t<div class=\"d-flex flex-column anwp-pg-post-teaser__category-column ml-auto\">\n\t\t\t\t\t<div class=\"anwp-pg-category__wrapper-filled px-2 d-flex align-items-center anwp-pg-post-teaser__category-wrapper align-self-end\" style=\"background-color: #1565C0\"><span>kids<\/span><\/div>\t\t\t\t<\/div>\n\t\t\t\n\t\t\t<div class=\"anwp-pg-post-teaser__title anwp-font-heading mt-auto mb-1\">\n\t\t\t\tTreinamento para a Campanha Kids\t\t\t<\/div>\n\n\t\t\t\t\t\t\t<div class=\"anwp-pg-post-teaser__bottom-meta mt-1 position-relative mb-2\">\n\t\t\t\t\t<span class=\"posted-on m-0\"><span class=\"screen-reader-text\">Posted on<\/span><time class=\"anwp-pg-published\" datetime=\"2022-07-11T08:35:16-03:00\">11 de julho de 2022<\/time><time class=\"anwp-pg-updated\" datetime=\"2022-07-11T08:35:39-03:00\">11 de julho de 2022<\/time><\/span>\n\t\t\t\t<\/div>\n\t\t\t\t\t<\/div>\n\n\t\t<a class=\"anwp-position-cover anwp-link-without-effects\" href=\"http:\/\/cbrs.org.br\/campanha2022\/treinamento-para-a-campanha-kids\/\" aria-hidden=\"true\" ><\/a>\n\t<\/div>\n<\/div>\n\t\t<\/div>\n\n\t\t\t\t\t\t\t\t\t<div class=\"swiper-pagination\"><\/div>\n\t\t\t\t\t\t\t\t\t\t<div class=\"elementor-swiper-button elementor-swiper-button-prev\">\n\t\t\t\t\t<i class=\"eicon-chevron-left\" aria-hidden=\"true\"><\/i>\n\t\t\t\t\t<span class=\"elementor-screen-only\">Previous<\/span>\n\t\t\t\t<\/div>\n\t\t\t\t<div class=\"elementor-swiper-button elementor-swiper-button-next\">\n\t\t\t\t\t<i class=\"eicon-chevron-right\" aria-hidden=\"true\"><\/i>\n\t\t\t\t\t<span class=\"elementor-screen-only\">Next<\/span>\n\t\t\t\t<\/div>\n\t\t\t\t\t\t<\/div>\n<\/div>\n\t\t<\/div>\n\t\t\t\t<\/div>\n\t\t\t\t\t<\/div>\n\t\t<\/div>\n\t\t\t\t\t\t\t<\/div>\n\t\t<\/section>\n\t\t\t\t<section class=\"elementor-section elementor-top-section elementor-element elementor-element-a5988a9 secao-revistas elementor-section-boxed elementor-section-height-default elementor-section-height-default\" data-id=\"a5988a9\" data-element_type=\"section\">\n\t\t\t\t\t\t<div class=\"elementor-container elementor-column-gap-default\">\n\t\t\t\t\t<div class=\"elementor-column elementor-col-100 elementor-top-column elementor-element elementor-element-0e3a245\" data-id=\"0e3a245\" data-element_type=\"column\">\n\t\t\t<div class=\"elementor-widget-wrap elementor-element-populated\">\n\t\t\t\t\t\t\t\t<div class=\"elementor-element elementor-element-810c4bc title-revistas elementor-widget elementor-widget-heading\" data-id=\"810c4bc\" data-element_type=\"widget\" data-widget_type=\"heading.default\">\n\t\t\t\t<div class=\"elementor-widget-container\">\n\t\t\t<h2 class=\"elementor-heading-title elementor-size-default\">Revistas<\/h2>\t\t<\/div>\n\t\t\t\t<\/div>\n\t\t\t\t<section class=\"elementor-section elementor-inner-section elementor-element elementor-element-90c7187 revistas-interno elementor-section-boxed elementor-section-height-default elementor-section-height-default\" data-id=\"90c7187\" data-element_type=\"section\">\n\t\t\t\t\t\t<div class=\"elementor-container elementor-column-gap-default\">\n\t\t\t\t\t<div class=\"elementor-column elementor-col-50 elementor-inner-column elementor-element elementor-element-dbb94c8\" data-id=\"dbb94c8\" data-element_type=\"column\">\n\t\t\t<div class=\"elementor-widget-wrap elementor-element-populated\">\n\t\t\t\t\t\t\t\t<div class=\"elementor-element elementor-element-1eed3aa elementor-widget elementor-widget-html\" data-id=\"1eed3aa\" data-element_type=\"widget\" data-widget_type=\"html.default\">\n\t\t\t\t<div class=\"elementor-widget-container\">\n\t\t\t<span class=\"title-revista\">Revista Educador Crist\u00e3o<\/span>\t\t<\/div>\n\t\t\t\t<\/div>\n\t\t\t\t<div class=\"elementor-element elementor-element-18abb90 imagem-revista elementor-widget elementor-widget-image\" data-id=\"18abb90\" data-element_type=\"widget\" data-widget_type=\"image.default\">\n\t\t\t\t<div class=\"elementor-widget-container\">\n\t\t\t\t\t\t\t\t\t\t\t\t\t\t\t<img loading=\"lazy\" decoding=\"async\" width=\"297\" height=\"235\" src=\"http:\/\/cbrs.org.br\/campanha2022\/wp-content\/uploads\/2022\/06\/revistas1-2-1.png\" class=\"attachment-large size-large\" alt=\"\" \/>\t\t\t\t\t\t\t\t\t\t\t\t\t\t\t<\/div>\n\t\t\t\t<\/div>\n\t\t\t\t<div class=\"elementor-element elementor-element-68db24e elementor-widget elementor-widget-html\" data-id=\"68db24e\" data-element_type=\"widget\" data-widget_type=\"html.default\">\n\t\t\t\t<div class=\"elementor-widget-container\">\n\t\t\t<div class=\"revista-baixar\"><a href=\"http:\/\/cbrs.org.br\/campanha2022\/wp-content\/uploads\/2022\/07\/material-educador-kids.zip\" target=\"_blank\" class=\"link-revista\">Clique aqui para baixar a revista e o material de apoio do educador<\/a>\n<\/div>\t\t<\/div>\n\t\t\t\t<\/div>\n\t\t\t\t\t<\/div>\n\t\t<\/div>\n\t\t\t\t<div class=\"elementor-column elementor-col-50 elementor-inner-column elementor-element elementor-element-c758591\" data-id=\"c758591\" data-element_type=\"column\">\n\t\t\t<div class=\"elementor-widget-wrap elementor-element-populated\">\n\t\t\t\t\t\t\t\t<div class=\"elementor-element elementor-element-e256557 elementor-widget elementor-widget-html\" data-id=\"e256557\" data-element_type=\"widget\" data-widget_type=\"html.default\">\n\t\t\t\t<div class=\"elementor-widget-container\">\n\t\t\t<span class=\"title-revista title-revista-ultima\">Revista de Atividades para Crian\u00e7as<\/span>\t\t<\/div>\n\t\t\t\t<\/div>\n\t\t\t\t<div class=\"elementor-element elementor-element-3f587fa imagem-revista2 elementor-widget elementor-widget-image\" data-id=\"3f587fa\" data-element_type=\"widget\" data-widget_type=\"image.default\">\n\t\t\t\t<div class=\"elementor-widget-container\">\n\t\t\t\t\t\t\t\t\t\t\t\t\t\t\t<img loading=\"lazy\" decoding=\"async\" width=\"218\" height=\"257\" src=\"http:\/\/cbrs.org.br\/campanha2022\/wp-content\/uploads\/2022\/06\/revistas2-2-1.png\" class=\"attachment-large size-large\" alt=\"\" \/>\t\t\t\t\t\t\t\t\t\t\t\t\t\t\t<\/div>\n\t\t\t\t<\/div>\n\t\t\t\t<div class=\"elementor-element elementor-element-70af916 elementor-widget elementor-widget-html\" data-id=\"70af916\" data-element_type=\"widget\" data-widget_type=\"html.default\">\n\t\t\t\t<div class=\"elementor-widget-container\">\n\t\t\t<div class=\"revista-baixar\"><a href=\"http:\/\/cbrs.org.br\/campanha2022\/wp-content\/uploads\/2022\/07\/revistadacrianca.docx\" target=\"_blank\">Clique aqui para baixar a revista<\/a><\/div>\t\t<\/div>\n\t\t\t\t<\/div>\n\t\t\t\t\t<\/div>\n\t\t<\/div>\n\t\t\t\t\t\t\t<\/div>\n\t\t<\/section>\n\t\t\t\t<section class=\"elementor-section elementor-inner-section elementor-element elementor-element-b1ab5ab elementor-section-boxed elementor-section-height-default elementor-section-height-default\" data-id=\"b1ab5ab\" data-element_type=\"section\">\n\t\t\t\t\t\t<div class=\"elementor-container elementor-column-gap-default\">\n\t\t\t\t\t<div class=\"elementor-column elementor-col-100 elementor-inner-column elementor-element elementor-element-ddb3f4b\" data-id=\"ddb3f4b\" data-element_type=\"column\">\n\t\t\t<div class=\"elementor-widget-wrap\">\n\t\t\t\t\t\t\t\t\t<\/div>\n\t\t<\/div>\n\t\t\t\t\t\t\t<\/div>\n\t\t<\/section>\n\t\t\t\t\t<\/div>\n\t\t<\/div>\n\t\t\t\t\t\t\t<\/div>\n\t\t<\/section>\n\t\t\t\t<section class=\"elementor-section elementor-top-section elementor-element elementor-element-65bab31 elementor-section-boxed elementor-section-height-default elementor-section-height-default\" data-id=\"65bab31\" data-element_type=\"section\">\n\t\t\t\t\t\t<div class=\"elementor-container elementor-column-gap-default\">\n\t\t\t\t\t<div class=\"elementor-column elementor-col-100 elementor-top-column elementor-element elementor-element-06b535c\" data-id=\"06b535c\" data-element_type=\"column\">\n\t\t\t<div class=\"elementor-widget-wrap elementor-element-populated\">\n\t\t\t\t\t\t\t\t<div class=\"elementor-element elementor-element-8c2cdc3 elementor-widget elementor-widget-heading\" data-id=\"8c2cdc3\" data-element_type=\"widget\" data-widget_type=\"heading.default\">\n\t\t\t\t<div class=\"elementor-widget-container\">\n\t\t\t<h2 class=\"elementor-heading-title elementor-size-default\">Clipe da M\u00fasica Oficial Infantil<\/h2>\t\t<\/div>\n\t\t\t\t<\/div>\n\t\t\t\t<div class=\"elementor-element elementor-element-96df37f elementor-widget elementor-widget-heading\" data-id=\"96df37f\" data-element_type=\"widget\" data-widget_type=\"heading.default\">\n\t\t\t\t<div class=\"elementor-widget-container\">\n\t\t\t<h2 class=\"elementor-heading-title elementor-size-default\"><div class=\"baixar-video\"><a href=\"http:\/\/cbrs.org.br\/campanha2022\/wp-content\/uploads\/2021\/07\/Clipe-Infantil.mp4\" download>(Clique aqui para baixar)<\/a><\/div><\/h2>\t\t<\/div>\n\t\t\t\t<\/div>\n\t\t\t\t<div class=\"elementor-element elementor-element-47a7c24 elementor-aspect-ratio-169 elementor-widget elementor-widget-video\" data-id=\"47a7c24\" data-element_type=\"widget\" data-settings=\"{&quot;youtube_url&quot;:&quot;https:\\\/\\\/www.youtube.com\\\/watch?v=t1mTjCjsi1s&quot;,&quot;video_type&quot;:&quot;youtube&quot;,&quot;controls&quot;:&quot;yes&quot;,&quot;aspect_ratio&quot;:&quot;169&quot;}\" data-widget_type=\"video.default\">\n\t\t\t\t<div class=\"elementor-widget-container\">\n\t\t\t\t\t<div class=\"elementor-wrapper elementor-fit-aspect-ratio elementor-open-inline\">\n\t\t\t<div class=\"elementor-video\"><\/div>\t\t<\/div>\n\t\t\t\t<\/div>\n\t\t\t\t<\/div>\n\t\t\t\t\t<\/div>\n\t\t<\/div>\n\t\t\t\t\t\t\t<\/div>\n\t\t<\/section>\n\t\t\t\t<section class=\"elementor-section elementor-top-section elementor-element elementor-element-383fc28 elementor-section-boxed elementor-section-height-default elementor-section-height-default\" data-id=\"383fc28\" data-element_type=\"section\">\n\t\t\t\t\t\t<div class=\"elementor-container elementor-column-gap-default\">\n\t\t\t\t\t<div class=\"elementor-column elementor-col-100 elementor-top-column elementor-element elementor-element-970a30e\" data-id=\"970a30e\" data-element_type=\"column\">\n\t\t\t<div class=\"elementor-widget-wrap elementor-element-populated\">\n\t\t\t\t\t\t\t\t<div class=\"elementor-element elementor-element-241fe2f elementor-widget elementor-widget-heading\" data-id=\"241fe2f\" data-element_type=\"widget\" data-widget_type=\"heading.default\">\n\t\t\t\t<div class=\"elementor-widget-container\">\n\t\t\t<h2 class=\"elementor-heading-title elementor-size-default\">M\u00fasicas<\/h2>\t\t<\/div>\n\t\t\t\t<\/div>\n\t\t\t\t<section class=\"elementor-section elementor-inner-section elementor-element elementor-element-3ebef31 elementor-section-boxed elementor-section-height-default elementor-section-height-default\" data-id=\"3ebef31\" data-element_type=\"section\">\n\t\t\t\t\t\t<div class=\"elementor-container elementor-column-gap-default\">\n\t\t\t\t\t<div class=\"elementor-column elementor-col-50 elementor-inner-column elementor-element elementor-element-d92da58\" data-id=\"d92da58\" data-element_type=\"column\">\n\t\t\t<div class=\"elementor-widget-wrap elementor-element-populated\">\n\t\t\t\t\t\t\t\t<div class=\"elementor-element elementor-element-3cc06dd elementor-widget elementor-widget-wp-widget-custom_html\" data-id=\"3cc06dd\" data-element_type=\"widget\" data-widget_type=\"wp-widget-custom_html.default\">\n\t\t\t\t<div class=\"elementor-widget-container\">\n\t\t\t<h5>\u00c0udio<\/h5><div class=\"textwidget custom-html-widget\"><audio controls=\"controls\" src=\"http:\/\/cbrs.org.br\/campanha2022\/wp-content\/uploads\/2022\/07\/musica-tema-infantil.mp3\">\r\n  O seu navegador n\u00e3o suporta o elemento <code>audio<\/code>.\r\n<\/audio><\/div>\t\t<\/div>\n\t\t\t\t<\/div>\n\t\t\t\t\t<\/div>\n\t\t<\/div>\n\t\t\t\t<div class=\"elementor-column elementor-col-50 elementor-inner-column elementor-element elementor-element-5f4a064\" data-id=\"5f4a064\" data-element_type=\"column\">\n\t\t\t<div class=\"elementor-widget-wrap elementor-element-populated\">\n\t\t\t\t\t\t\t\t<div class=\"elementor-element elementor-element-21e5751 elementor-widget elementor-widget-wp-widget-custom_html\" data-id=\"21e5751\" data-element_type=\"widget\" data-widget_type=\"wp-widget-custom_html.default\">\n\t\t\t\t<div class=\"elementor-widget-container\">\n\t\t\t<h5>\u00c0udio (Playback)<\/h5><div class=\"textwidget custom-html-widget\"><audio controls=\"controls\" src=\"http:\/\/cbrs.org.br\/campanha2022\/wp-content\/uploads\/2022\/07\/musica-tema-infantil-playback.mp3\">\r\n  O seu navegador n\u00e3o suporta o elemento <code>audio<\/code>.\r\n<\/audio><\/div>\t\t<\/div>\n\t\t\t\t<\/div>\n\t\t\t\t\t<\/div>\n\t\t<\/div>\n\t\t\t\t\t\t\t<\/div>\n\t\t<\/section>\n\t\t\t\t<section class=\"elementor-section elementor-inner-section elementor-element elementor-element-00aec33 elementor-section-boxed elementor-section-height-default elementor-section-height-default\" data-id=\"00aec33\" data-element_type=\"section\">\n\t\t\t\t\t\t<div class=\"elementor-container elementor-column-gap-default\">\n\t\t\t\t\t<div class=\"elementor-column elementor-col-100 elementor-inner-column elementor-element elementor-element-9c2cd0f\" data-id=\"9c2cd0f\" data-element_type=\"column\">\n\t\t\t<div class=\"elementor-widget-wrap elementor-element-populated\">\n\t\t\t\t\t\t\t\t<div class=\"elementor-element elementor-element-f70b800 elementor-align-center baixar-cifra elementor-widget elementor-widget-button\" data-id=\"f70b800\" data-element_type=\"widget\" data-widget_type=\"button.default\">\n\t\t\t\t<div class=\"elementor-widget-container\">\n\t\t\t\t\t<div class=\"elementor-button-wrapper\">\n\t\t\t<a href=\"http:\/\/cbrs.org.br\/campanha2022\/wp-content\/uploads\/2022\/07\/musica-tema-infantil-cifra.pdf\" target=\"_blank\" class=\"elementor-button-link elementor-button elementor-size-sm\" role=\"button\">\n\t\t\t\t\t\t<span class=\"elementor-button-content-wrapper\">\n\t\t\t\t\t\t<span class=\"elementor-button-icon elementor-align-icon-left\">\n\t\t\t\t<i aria-hidden=\"true\" class=\"fas fa-book-open\"><\/i>\t\t\t<\/span>\n\t\t\t\t\t\t<span class=\"elementor-button-text\">Clique aqui para baixar a cifra<\/span>\n\t\t<\/span>\n\t\t\t\t\t<\/a>\n\t\t<\/div>\n\t\t\t\t<\/div>\n\t\t\t\t<\/div>\n\t\t\t\t<div class=\"elementor-element elementor-element-12b1d40 elementor-widget elementor-widget-html\" data-id=\"12b1d40\" data-element_type=\"widget\" data-widget_type=\"html.default\">\n\t\t\t\t<div class=\"elementor-widget-container\">\n\t\t\t<div class=\"musicas_jesus\"><\/div>\t\t<\/div>\n\t\t\t\t<\/div>\n\t\t\t\t\t<\/div>\n\t\t<\/div>\n\t\t\t\t\t\t\t<\/div>\n\t\t<\/section>\n\t\t\t\t\t<\/div>\n\t\t<\/div>\n\t\t\t\t\t\t\t<\/div>\n\t\t<\/section>\n\t\t\t\t\t\t<\/div>\n\t\t\t\t\t<\/div>\n\t\t","protected":false},"excerpt":{"rendered":"<p>V\u00eddeo de Abertura https:\/\/www.youtube.com\/watch?v=uBfRHv4gmdQ Viagem Mission\u00e1ria Durante o peri\u0301odo da Campanha de Misso\u0303es Estaduais, tivemos aos sa\u0301bados, a\u0300s 16 horas, viagens on-line missiona\u0301rias. Acesse as viagens realizadas atrav\u00e9s dos seguintes links: Cidade de Pelotas Cidade de Santana do Livramento Cidade de Cachoeira do Sul Cidade de Ibirub\u00e1 Cidade de Esteio Cidade de Sapiranga \u00daltimas Not\u00edcias [&hellip;]<\/p>\n","protected":false},"author":1,"featured_media":0,"parent":0,"menu_order":0,"comment_status":"closed","ping_status":"closed","template":"","meta":{"footnotes":""},"class_list":["post-434","page","type-page","status-publish","hentry"],"_links":{"self":[{"href":"http:\/\/cbrs.org.br\/campanha2022\/wp-json\/wp\/v2\/pages\/434","targetHints":{"allow":["GET"]}}],"collection":[{"href":"http:\/\/cbrs.org.br\/campanha2022\/wp-json\/wp\/v2\/pages"}],"about":[{"href":"http:\/\/cbrs.org.br\/campanha2022\/wp-json\/wp\/v2\/types\/page"}],"author":[{"embeddable":true,"href":"http:\/\/cbrs.org.br\/campanha2022\/wp-json\/wp\/v2\/users\/1"}],"replies":[{"embeddable":true,"href":"http:\/\/cbrs.org.br\/campanha2022\/wp-json\/wp\/v2\/comments?post=434"}],"version-history":[{"count":310,"href":"http:\/\/cbrs.org.br\/campanha2022\/wp-json\/wp\/v2\/pages\/434\/revisions"}],"predecessor-version":[{"id":1601,"href":"http:\/\/cbrs.org.br\/campanha2022\/wp-json\/wp\/v2\/pages\/434\/revisions\/1601"}],"wp:attachment":[{"href":"http:\/\/cbrs.org.br\/campanha2022\/wp-json\/wp\/v2\/media?parent=434"}],"curies":[{"name":"wp","href":"https:\/\/api.w.org\/{rel}","templated":true}]}}