{"id":1603,"date":"2022-09-14T08:42:05","date_gmt":"2022-09-14T11:42:05","guid":{"rendered":"http:\/\/cbrs.org.br\/campanha2022\/?page_id=1603"},"modified":"2022-09-14T10:29:29","modified_gmt":"2022-09-14T13:29:29","slug":"devocionais","status":"publish","type":"page","link":"http:\/\/cbrs.org.br\/campanha2022\/devocionais\/","title":{"rendered":"Devocionais"},"content":{"rendered":"\t\t<div data-elementor-type=\"wp-page\" data-elementor-id=\"1603\" class=\"elementor elementor-1603\" data-elementor-settings=\"[]\">\n\t\t\t\t\t\t\t<div class=\"elementor-section-wrap\">\n\t\t\t\t\t\t\t<section class=\"elementor-section elementor-top-section elementor-element elementor-element-f53a1a3 elementor-section-boxed elementor-section-height-default elementor-section-height-default\" data-id=\"f53a1a3\" data-element_type=\"section\">\n\t\t\t\t\t\t<div class=\"elementor-container elementor-column-gap-default\">\n\t\t\t\t\t<div class=\"elementor-column elementor-col-100 elementor-top-column elementor-element elementor-element-ce261a1\" data-id=\"ce261a1\" data-element_type=\"column\">\n\t\t\t<div class=\"elementor-widget-wrap elementor-element-populated\">\n\t\t\t\t\t\t\t\t<div class=\"elementor-element elementor-element-bd90615 title-compartilhe elementor-widget elementor-widget-heading\" data-id=\"bd90615\" data-element_type=\"widget\" data-widget_type=\"heading.default\">\n\t\t\t\t<div class=\"elementor-widget-container\">\n\t\t\t<h2 class=\"elementor-heading-title elementor-size-default\">Veja os testemunhos do avan\u00e7o do reino de Deus em nosso estado!<\/h2>\t\t<\/div>\n\t\t\t\t<\/div>\n\t\t\t\t\t<\/div>\n\t\t<\/div>\n\t\t\t\t\t\t\t<\/div>\n\t\t<\/section>\n\t\t\t\t<section class=\"elementor-section elementor-top-section elementor-element elementor-element-b4d0786 elementor-section-boxed elementor-section-height-default elementor-section-height-default\" data-id=\"b4d0786\" data-element_type=\"section\">\n\t\t\t\t\t\t<div class=\"elementor-container elementor-column-gap-default\">\n\t\t\t\t\t<div class=\"elementor-column elementor-col-100 elementor-top-column elementor-element elementor-element-b9c590d\" data-id=\"b9c590d\" data-element_type=\"column\">\n\t\t\t<div class=\"elementor-widget-wrap elementor-element-populated\">\n\t\t\t\t\t\t\t\t<div class=\"elementor-element elementor-element-2915239 elementor-widget elementor-widget-html\" data-id=\"2915239\" data-element_type=\"widget\" data-widget_type=\"html.default\">\n\t\t\t\t<div class=\"elementor-widget-container\">\n\t\t\t<a href=\"http:\/\/cbrs.org.br\/campanha2022\/wp-content\/uploads\/2022\/07\/videos-testemunhos.zip\" target=\"_blank\" class=\"link-conceito-visual\" style=\"text-align: center !important; display: block; font-size: 16px\">Clique aqui para baixar todos os v\u00eddeos<\/a>\t\t<\/div>\n\t\t\t\t<\/div>\n\t\t\t\t<div class=\"elementor-element elementor-element-b8f1bc3 info-testemunhos elementor-widget elementor-widget-text-editor\" data-id=\"b8f1bc3\" data-element_type=\"widget\" data-widget_type=\"text-editor.default\">\n\t\t\t\t<div class=\"elementor-widget-container\">\n\t\t\t\t\t\t\t\t<p>Role a playlist acima para visualizar todos os v\u00eddeos dispon\u00edveis.<\/p>\t\t\t\t\t\t<\/div>\n\t\t\t\t<\/div>\n\t\t\t\t\t<\/div>\n\t\t<\/div>\n\t\t\t\t\t\t\t<\/div>\n\t\t<\/section>\n\t\t\t\t\t\t<\/div>\n\t\t\t\t\t<\/div>\n\t\t","protected":false},"excerpt":{"rendered":"<p>Veja os testemunhos do avan\u00e7o do reino de Deus em nosso estado! Clique aqui para baixar todos os v\u00eddeos Role a playlist acima para visualizar todos os v\u00eddeos dispon\u00edveis.<\/p>\n","protected":false},"author":1,"featured_media":0,"parent":0,"menu_order":0,"comment_status":"closed","ping_status":"closed","template":"my-templates\/devocionais.php","meta":{"footnotes":""},"class_list":["post-1603","page","type-page","status-publish","hentry"],"_links":{"self":[{"href":"http:\/\/cbrs.org.br\/campanha2022\/wp-json\/wp\/v2\/pages\/1603","targetHints":{"allow":["GET"]}}],"collection":[{"href":"http:\/\/cbrs.org.br\/campanha2022\/wp-json\/wp\/v2\/pages"}],"about":[{"href":"http:\/\/cbrs.org.br\/campanha2022\/wp-json\/wp\/v2\/types\/page"}],"author":[{"embeddable":true,"href":"http:\/\/cbrs.org.br\/campanha2022\/wp-json\/wp\/v2\/users\/1"}],"replies":[{"embeddable":true,"href":"http:\/\/cbrs.org.br\/campanha2022\/wp-json\/wp\/v2\/comments?post=1603"}],"version-history":[{"count":5,"href":"http:\/\/cbrs.org.br\/campanha2022\/wp-json\/wp\/v2\/pages\/1603\/revisions"}],"predecessor-version":[{"id":1611,"href":"http:\/\/cbrs.org.br\/campanha2022\/wp-json\/wp\/v2\/pages\/1603\/revisions\/1611"}],"wp:attachment":[{"href":"http:\/\/cbrs.org.br\/campanha2022\/wp-json\/wp\/v2\/media?parent=1603"}],"curies":[{"name":"wp","href":"https:\/\/api.w.org\/{rel}","templated":true}]}}